{"id":3874,"date":"2025-06-11T06:22:24","date_gmt":"2025-06-11T06:22:24","guid":{"rendered":"https:\/\/wedigitalplus.com\/tagtaverna\/?page_id=3874"},"modified":"2025-12-06T17:22:01","modified_gmt":"2025-12-06T15:22:01","slug":"rezervati-o-masa","status":"publish","type":"page","link":"https:\/\/targettaverna.com\/ro\/book-a-table\/","title":{"rendered":"Rezerva\u021bi o mas\u0103"},"content":{"rendered":"<div data-elementor-type=\"wp-page\" data-elementor-id=\"3874\" class=\"elementor elementor-3874\">\n\t\t\t\t<div class=\"elementor-element elementor-element-896420f e-flex e-con-boxed e-con e-parent\" data-id=\"896420f\" data-element_type=\"container\" data-settings=\"{&quot;background_background&quot;:&quot;classic&quot;,&quot;grandrestaurant_ext_is_background_parallax&quot;:&quot;true&quot;,&quot;shape_divider_bottom&quot;:&quot;tilt&quot;,&quot;grandrestaurant_ext_is_background_parallax_speed&quot;:{&quot;unit&quot;:&quot;px&quot;,&quot;size&quot;:0.8,&quot;sizes&quot;:[]},&quot;grandrestaurant_ext_is_background_backdrop&quot;:&quot;false&quot;,&quot;grandrestaurant_ext_is_background_on_scroll&quot;:&quot;false&quot;,&quot;grandrestaurant_ext_link_reservation&quot;:&quot;false&quot;,&quot;grandrestaurant_ext_link_sidemenu&quot;:&quot;false&quot;,&quot;grandrestaurant_ext_link_fullmenu&quot;:&quot;false&quot;,&quot;grandrestaurant_ext_link_closed_fullmenu&quot;:&quot;false&quot;,&quot;grandrestaurant_ext_is_scrollme&quot;:&quot;false&quot;,&quot;grandrestaurant_ext_is_smoove&quot;:&quot;false&quot;,&quot;grandrestaurant_ext_is_parallax_mouse&quot;:&quot;false&quot;,&quot;grandrestaurant_ext_is_infinite&quot;:&quot;false&quot;,&quot;grandrestaurant_ext_is_fadeout_animation&quot;:&quot;false&quot;,&quot;grandrestaurant_ext_mobile_static&quot;:&quot;false&quot;}\">\n\t\t\t\t\t<div class=\"e-con-inner\">\n\t\t\t\t<div class=\"elementor-shape elementor-shape-bottom\" aria-hidden=\"true\" data-negative=\"false\">\n\t\t\t<svg xmlns=\"http:\/\/www.w3.org\/2000\/svg\" viewbox=\"0 0 1000 100\" preserveaspectratio=\"none\">\n\t<path class=\"elementor-shape-fill\" d=\"M0,6V0h1000v100L0,6z\"\/>\n<\/svg>\t\t<\/div>\n\t\t<div class=\"elementor-element elementor-element-5960965 e-con-full e-flex e-con e-child\" data-id=\"5960965\" data-element_type=\"container\" data-settings=\"{&quot;grandrestaurant_ext_is_background_parallax&quot;:&quot;false&quot;,&quot;grandrestaurant_ext_is_background_backdrop&quot;:&quot;false&quot;,&quot;grandrestaurant_ext_is_background_on_scroll&quot;:&quot;false&quot;,&quot;grandrestaurant_ext_link_reservation&quot;:&quot;false&quot;,&quot;grandrestaurant_ext_link_sidemenu&quot;:&quot;false&quot;,&quot;grandrestaurant_ext_link_fullmenu&quot;:&quot;false&quot;,&quot;grandrestaurant_ext_link_closed_fullmenu&quot;:&quot;false&quot;,&quot;grandrestaurant_ext_is_scrollme&quot;:&quot;false&quot;,&quot;grandrestaurant_ext_is_smoove&quot;:&quot;false&quot;,&quot;grandrestaurant_ext_is_parallax_mouse&quot;:&quot;false&quot;,&quot;grandrestaurant_ext_is_infinite&quot;:&quot;false&quot;,&quot;grandrestaurant_ext_is_fadeout_animation&quot;:&quot;false&quot;,&quot;grandrestaurant_ext_mobile_static&quot;:&quot;false&quot;}\">\n\t\t\t\t<div class=\"elementor-element elementor-element-b6f0697 elementor-widget__width-inherit elementor-widget elementor-widget-grandrestaurant-animated-text\" data-id=\"b6f0697\" data-element_type=\"widget\" data-settings=\"{&quot;grandrestaurant_ext_is_fadeout_animation&quot;:&quot;true&quot;,&quot;grandrestaurant_ext_is_fadeout_animation_velocity&quot;:{&quot;unit&quot;:&quot;px&quot;,&quot;size&quot;:0.3,&quot;sizes&quot;:[]},&quot;grandrestaurant_ext_link_reservation&quot;:&quot;false&quot;,&quot;grandrestaurant_ext_link_sidemenu&quot;:&quot;false&quot;,&quot;grandrestaurant_ext_link_fullmenu&quot;:&quot;false&quot;,&quot;grandrestaurant_ext_link_closed_fullmenu&quot;:&quot;false&quot;,&quot;grandrestaurant_ext_is_scrollme&quot;:&quot;false&quot;,&quot;grandrestaurant_ext_is_smoove&quot;:&quot;false&quot;,&quot;grandrestaurant_ext_is_parallax_mouse&quot;:&quot;false&quot;,&quot;grandrestaurant_ext_is_infinite&quot;:&quot;false&quot;,&quot;grandrestaurant_ext_is_fadeout_animation_direction&quot;:&quot;up&quot;,&quot;grandrestaurant_ext_mobile_static&quot;:&quot;false&quot;}\" data-widget_type=\"grandrestaurant-animated-text.default\">\n\t\t\t\t<div class=\"elementor-widget-container\">\n\t\t\t\t\t<div class=\"themegoods-animated-text text-alignment-center transition-bottom overflow-hidden\" data-delimiter=\"sentence\" data-transition=\"100\" data-transition-delay=\"200\" data-transition-duration=\"800\">\n\t\t<h2>\n\t\tRezervare\t<\/h2>\n\t<\/div>\t\t\t\t<\/div>\n\t\t\t\t<\/div>\n\t\t\t\t<div class=\"elementor-element elementor-element-ab08269 elementor-widget elementor-widget-grandrestaurant-animated-text\" data-id=\"ab08269\" data-element_type=\"widget\" data-settings=\"{&quot;grandrestaurant_ext_is_fadeout_animation&quot;:&quot;true&quot;,&quot;grandrestaurant_ext_is_fadeout_animation_velocity&quot;:{&quot;unit&quot;:&quot;px&quot;,&quot;size&quot;:0.2,&quot;sizes&quot;:[]},&quot;grandrestaurant_ext_link_reservation&quot;:&quot;false&quot;,&quot;grandrestaurant_ext_link_sidemenu&quot;:&quot;false&quot;,&quot;grandrestaurant_ext_link_fullmenu&quot;:&quot;false&quot;,&quot;grandrestaurant_ext_link_closed_fullmenu&quot;:&quot;false&quot;,&quot;grandrestaurant_ext_is_scrollme&quot;:&quot;false&quot;,&quot;grandrestaurant_ext_is_smoove&quot;:&quot;false&quot;,&quot;grandrestaurant_ext_is_parallax_mouse&quot;:&quot;false&quot;,&quot;grandrestaurant_ext_is_infinite&quot;:&quot;false&quot;,&quot;grandrestaurant_ext_is_fadeout_animation_direction&quot;:&quot;up&quot;,&quot;grandrestaurant_ext_mobile_static&quot;:&quot;false&quot;}\" data-widget_type=\"grandrestaurant-animated-text.default\">\n\t\t\t\t<div class=\"elementor-widget-container\">\n\t\t\t\t\t<div class=\"themegoods-animated-text text-alignment-center transition-bottom overflow-hidden\" data-delimiter=\"word\" data-transition=\"100\" data-transition-delay=\"400\" data-transition-duration=\"800\">\n\t\t<h1>\n\t\tRezerva\u021bi o mas\u0103\t<\/h1>\n\t<\/div>\t\t\t\t<\/div>\n\t\t\t\t<\/div>\n\t\t\t\t<\/div>\n\t\t\t\t\t<\/div>\n\t\t\t\t<\/div>\n\t\t<div class=\"elementor-element elementor-element-d0d103b e-flex e-con-boxed e-con e-parent\" data-id=\"d0d103b\" data-element_type=\"container\" data-settings=\"{&quot;grandrestaurant_ext_is_background_parallax&quot;:&quot;false&quot;,&quot;grandrestaurant_ext_is_background_backdrop&quot;:&quot;false&quot;,&quot;grandrestaurant_ext_is_background_on_scroll&quot;:&quot;false&quot;,&quot;grandrestaurant_ext_link_reservation&quot;:&quot;false&quot;,&quot;grandrestaurant_ext_link_sidemenu&quot;:&quot;false&quot;,&quot;grandrestaurant_ext_link_fullmenu&quot;:&quot;false&quot;,&quot;grandrestaurant_ext_link_closed_fullmenu&quot;:&quot;false&quot;,&quot;grandrestaurant_ext_is_scrollme&quot;:&quot;false&quot;,&quot;grandrestaurant_ext_is_smoove&quot;:&quot;false&quot;,&quot;grandrestaurant_ext_is_parallax_mouse&quot;:&quot;false&quot;,&quot;grandrestaurant_ext_is_infinite&quot;:&quot;false&quot;,&quot;grandrestaurant_ext_is_fadeout_animation&quot;:&quot;false&quot;,&quot;grandrestaurant_ext_mobile_static&quot;:&quot;false&quot;}\">\n\t\t\t\t\t<div class=\"e-con-inner\">\n\t\t<div class=\"elementor-element elementor-element-bcfd7f0 e-con-full e-flex e-con e-child\" data-id=\"bcfd7f0\" data-element_type=\"container\" data-settings=\"{&quot;grandrestaurant_ext_is_background_parallax&quot;:&quot;false&quot;,&quot;grandrestaurant_ext_is_background_backdrop&quot;:&quot;false&quot;,&quot;grandrestaurant_ext_is_background_on_scroll&quot;:&quot;false&quot;,&quot;grandrestaurant_ext_link_reservation&quot;:&quot;false&quot;,&quot;grandrestaurant_ext_link_sidemenu&quot;:&quot;false&quot;,&quot;grandrestaurant_ext_link_fullmenu&quot;:&quot;false&quot;,&quot;grandrestaurant_ext_link_closed_fullmenu&quot;:&quot;false&quot;,&quot;grandrestaurant_ext_is_scrollme&quot;:&quot;false&quot;,&quot;grandrestaurant_ext_is_smoove&quot;:&quot;false&quot;,&quot;grandrestaurant_ext_is_parallax_mouse&quot;:&quot;false&quot;,&quot;grandrestaurant_ext_is_infinite&quot;:&quot;false&quot;,&quot;grandrestaurant_ext_is_fadeout_animation&quot;:&quot;false&quot;,&quot;grandrestaurant_ext_mobile_static&quot;:&quot;false&quot;}\">\n\t\t\t\t<div class=\"elementor-element elementor-element-9a20caf elementor-widget elementor-widget-shortcode\" data-id=\"9a20caf\" data-element_type=\"widget\" data-settings=\"{&quot;grandrestaurant_ext_link_reservation&quot;:&quot;false&quot;,&quot;grandrestaurant_ext_link_sidemenu&quot;:&quot;false&quot;,&quot;grandrestaurant_ext_link_fullmenu&quot;:&quot;false&quot;,&quot;grandrestaurant_ext_link_closed_fullmenu&quot;:&quot;false&quot;,&quot;grandrestaurant_ext_is_scrollme&quot;:&quot;false&quot;,&quot;grandrestaurant_ext_is_smoove&quot;:&quot;false&quot;,&quot;grandrestaurant_ext_is_parallax_mouse&quot;:&quot;false&quot;,&quot;grandrestaurant_ext_is_infinite&quot;:&quot;false&quot;,&quot;grandrestaurant_ext_is_fadeout_animation&quot;:&quot;false&quot;,&quot;grandrestaurant_ext_mobile_static&quot;:&quot;false&quot;}\" data-widget_type=\"shortcode.default\">\n\t\t\t\t<div class=\"elementor-widget-container\">\n\t\t\t\t\t\t\t<div class=\"elementor-shortcode\"><link href=\"https:\/\/targettaverna.com\/script\/core\/framework\/libs\/pj\/css\/pj.bootstrap.min.css\" type=\"text\/css\" rel=\"stylesheet\" \/>\n        <link href=\"https:\/\/targettaverna.com\/script\/index.php?controller=pjFront&action=pjActionLoadCss\" type=\"text\/css\" rel=\"stylesheet\" \/>\n        <script type=\"text\/javascript\" src=\"https:\/\/targettaverna.com\/script\/index.php?controller=pjFront&action=pjActionLoad\"><\/script><\/div>\n\t\t\t\t\t\t<\/div>\n\t\t\t\t<\/div>\n\t\t\t\t<\/div>\n\t\t\t\t\t<\/div>\n\t\t\t\t<\/div>\n\t\t<div class=\"elementor-element elementor-element-1b72cdd e-flex e-con-boxed e-con e-parent\" data-id=\"1b72cdd\" data-element_type=\"container\" data-settings=\"{&quot;grandrestaurant_ext_is_background_parallax&quot;:&quot;false&quot;,&quot;grandrestaurant_ext_is_background_backdrop&quot;:&quot;false&quot;,&quot;grandrestaurant_ext_is_background_on_scroll&quot;:&quot;false&quot;,&quot;grandrestaurant_ext_link_reservation&quot;:&quot;false&quot;,&quot;grandrestaurant_ext_link_sidemenu&quot;:&quot;false&quot;,&quot;grandrestaurant_ext_link_fullmenu&quot;:&quot;false&quot;,&quot;grandrestaurant_ext_link_closed_fullmenu&quot;:&quot;false&quot;,&quot;grandrestaurant_ext_is_scrollme&quot;:&quot;false&quot;,&quot;grandrestaurant_ext_is_smoove&quot;:&quot;false&quot;,&quot;grandrestaurant_ext_is_parallax_mouse&quot;:&quot;false&quot;,&quot;grandrestaurant_ext_is_infinite&quot;:&quot;false&quot;,&quot;grandrestaurant_ext_is_fadeout_animation&quot;:&quot;false&quot;,&quot;grandrestaurant_ext_mobile_static&quot;:&quot;false&quot;}\">\n\t\t\t\t\t<div class=\"e-con-inner\">\n\t\t\t\t<div class=\"elementor-element elementor-element-9be383f elementor-widget elementor-widget-html\" data-id=\"9be383f\" data-element_type=\"widget\" data-settings=\"{&quot;grandrestaurant_ext_link_reservation&quot;:&quot;false&quot;,&quot;grandrestaurant_ext_link_sidemenu&quot;:&quot;false&quot;,&quot;grandrestaurant_ext_link_fullmenu&quot;:&quot;false&quot;,&quot;grandrestaurant_ext_link_closed_fullmenu&quot;:&quot;false&quot;,&quot;grandrestaurant_ext_is_scrollme&quot;:&quot;false&quot;,&quot;grandrestaurant_ext_is_smoove&quot;:&quot;false&quot;,&quot;grandrestaurant_ext_is_parallax_mouse&quot;:&quot;false&quot;,&quot;grandrestaurant_ext_is_infinite&quot;:&quot;false&quot;,&quot;grandrestaurant_ext_is_fadeout_animation&quot;:&quot;false&quot;,&quot;grandrestaurant_ext_mobile_static&quot;:&quot;false&quot;}\" data-widget_type=\"html.default\">\n\t\t\t\t<div class=\"elementor-widget-container\">\n\t\t\t\t\t                             <p><strong>Ofert\u0103 special\u0103 doar pentru rezerv\u0103ri web: Pentru plata \u00een numerar, primi\u021bi o reducere de 5%. Adresa\u021bi-v\u0103 casierului pentru aceast\u0103 ofert\u0103!&nbsp;<\/strong><\/p>\n                             <p>- Oferim transport gratuit cu microbuzul nostru pentru cei care stau \u00een zona Argassi (preluare \u0219i transport \u00eenapoi).<\/p>\n<p>- Dac\u0103 a\u021bi comandat un transfer cu preluare, v\u0103 rug\u0103m s\u0103 a\u0219tepta\u021bi \u00een fa\u021ba recep\u021biei la ora programat\u0103 pentru rezervare (v\u0103 vom anun\u021ba \u00een prealabil \u00een cazul \u00een care ora se modific\u0103). Un microbuz alb cu semnul Target Restaurant v\u0103 va prelua. Dac\u0103 microbuzul nostru \u00eent\u00e2rzie mai mult de 15 minute, v\u0103 rug\u0103m s\u0103 ne suna\u021bi la +30 26950 42482 sau +30 6977814822 pentru a rezolva problema.<\/p>\n<p>- V\u0103 rug\u0103m s\u0103 v\u0103 programa\u021bi din timp dac\u0103 dori\u021bi s\u0103 rezerva\u021bi o mas\u0103 \u00een primul r\u00e2nd, deoarece acestea sunt la mare c\u0103utare \u0219i sunt disponibile doar pentru cei care se programeaz\u0103 primii p\u00e2n\u0103 la data respectiv\u0103.<\/p>\n<p>- S\u0103rb\u0103torile sunt pentru relaxare, motiv pentru care nu exist\u0103 nicio limit\u0103 de timp pentru \u0219ederea dvs. V\u0103 rug\u0103m s\u0103 nu ezita\u021bi s\u0103 sta\u021bi la masa dvs. at\u00e2t timp c\u00e2t dori\u021bi.<\/p>\n<p>- \u00cen perioadele de v\u00e2rf, este posibil s\u0103 a\u0219tepta\u021bi 15-30 de minute. Fi\u021bi siguri c\u0103 ve\u021bi fi primi\u021bi. V\u0103 rug\u0103m frumos s\u0103 ave\u021bi r\u0103bdare \u0219i \u00een\u021belegere.<\/p>\n<p>- Dac\u0103 sosi\u021bi cu taxiul, \u00eent\u00e2rzierile sunt frecvente \u00een iulie \u0219i august. V\u0103 rug\u0103m s\u0103 v\u0103 suna\u021bi taxiul \u00een avans pentru a ajunge la timp.<\/p>\n<p>- \u00cen caz de \u00eent\u00e2rzieri, vom face tot posibilul pentru a g\u0103si cea mai bun\u0103 mas\u0103 posibil\u0103 pentru dvs.<\/p>\n<p>- Ave\u021bi o cerere special\u0103? Contacta\u021bi-ne pe WhatsApp <a href=\"https:\/\/wa.me\/+306983003530\">+306983003530<\/a>&nbsp;\u0219i vom face tot posibilul s\u0103 v\u0103 mul\u021bumim!<\/p>\n<p>- Dac\u0103 veni\u021bi cu ma\u0219ina la restaurantul nostru, v\u0103 rug\u0103m s\u0103 folosi\u021bi Google Maps pentru a-l g\u0103si mai u\u0219or. Linkul este mai jos!<\/p>\n<p><a href=\"https:\/\/maps.app.goo.gl\/sEyTe4YNGRaKenGh8\">Google Maps Restaurant \u021bint\u0103<\/a><\/p>\t\t\t\t<\/div>\n\t\t\t\t<\/div>\n\t\t\t\t\t<\/div>\n\t\t\t\t<\/div>\n\t\t\t\t<\/div>","protected":false},"excerpt":{"rendered":"<p>Reservation Book a Table Special Offer Only For Web Bookings: For payment in cash, you get a 5% discount. Ask the cashier for this offer!&nbsp; &#8211; We offer free transportation with our minibus to those staying in the Argassi area [&hellip;]<\/p>\n","protected":false},"author":1,"featured_media":0,"parent":0,"menu_order":0,"comment_status":"closed","ping_status":"closed","template":"elementor_header_footer","meta":{"footnotes":""},"class_list":["post-3874","page","type-page","status-publish","hentry"],"yoast_head":"<!-- This site is optimized with the Yoast SEO plugin v27.2 - https:\/\/yoast.com\/product\/yoast-seo-wordpress\/ -->\n<title>Book a Table - Target Taverna Argassi Zakynthos<\/title>\n<meta name=\"description\" content=\"Book your table online using the booking system. The excellent location of the Target Taverna makes it ideal destination for your dinner.\" \/>\n<meta name=\"robots\" content=\"index, follow, max-snippet:-1, max-image-preview:large, max-video-preview:-1\" \/>\n<link rel=\"canonical\" href=\"https:\/\/targettaverna.com\/ro\/rezervati-o-masa\/\" \/>\n<meta property=\"og:locale\" content=\"ro_RO\" \/>\n<meta property=\"og:type\" content=\"article\" \/>\n<meta property=\"og:title\" content=\"Book a Table - Target Taverna Argassi Zakynthos\" \/>\n<meta property=\"og:description\" content=\"Book your table online using the booking system. The excellent location of the Target Taverna makes it ideal destination for your dinner.\" \/>\n<meta property=\"og:url\" content=\"https:\/\/targettaverna.com\/ro\/rezervati-o-masa\/\" \/>\n<meta property=\"og:site_name\" content=\"Target Taverna Argassi Zakynthos\" \/>\n<meta property=\"article:modified_time\" content=\"2025-12-06T15:22:01+00:00\" \/>\n<meta property=\"og:image\" content=\"https:\/\/targettaverna.com\/wp-content\/uploads\/2025\/08\/TargetDrone-03.jpg\" \/>\n\t<meta property=\"og:image:width\" content=\"1199\" \/>\n\t<meta property=\"og:image:height\" content=\"674\" \/>\n\t<meta property=\"og:image:type\" content=\"image\/jpeg\" \/>\n<meta name=\"twitter:card\" content=\"summary_large_image\" \/>\n<meta name=\"twitter:label1\" content=\"Timp estimat pentru citire\" \/>\n\t<meta name=\"twitter:data1\" content=\"2 minute\" \/>\n<script type=\"application\/ld+json\" class=\"yoast-schema-graph\">{\"@context\":\"https:\/\/schema.org\",\"@graph\":[{\"@type\":\"WebPage\",\"@id\":\"https:\/\/targettaverna.com\/book-a-table\/\",\"url\":\"https:\/\/targettaverna.com\/book-a-table\/\",\"name\":\"Book a Table - Target Taverna Argassi Zakynthos\",\"isPartOf\":{\"@id\":\"https:\/\/targettaverna.com\/#website\"},\"datePublished\":\"2025-06-11T06:22:24+00:00\",\"dateModified\":\"2025-12-06T15:22:01+00:00\",\"description\":\"Book your table online using the booking system. The excellent location of the Target Taverna makes it ideal destination for your dinner.\",\"breadcrumb\":{\"@id\":\"https:\/\/targettaverna.com\/book-a-table\/#breadcrumb\"},\"inLanguage\":\"ro-RO\",\"potentialAction\":[{\"@type\":\"ReadAction\",\"target\":[\"https:\/\/targettaverna.com\/book-a-table\/\"]}]},{\"@type\":\"BreadcrumbList\",\"@id\":\"https:\/\/targettaverna.com\/book-a-table\/#breadcrumb\",\"itemListElement\":[{\"@type\":\"ListItem\",\"position\":1,\"name\":\"Home\",\"item\":\"https:\/\/targettaverna.com\/\"},{\"@type\":\"ListItem\",\"position\":2,\"name\":\"Book a Table\"}]},{\"@type\":\"WebSite\",\"@id\":\"https:\/\/targettaverna.com\/#website\",\"url\":\"https:\/\/targettaverna.com\/\",\"name\":\"Target Taverna Argassi Zakynthos\",\"description\":\"On The Hill Of Argassi Zakynthos\",\"publisher\":{\"@id\":\"https:\/\/targettaverna.com\/#\/schema\/person\/b257014c0002496225f82eaf5dbc3430\"},\"potentialAction\":[{\"@type\":\"SearchAction\",\"target\":{\"@type\":\"EntryPoint\",\"urlTemplate\":\"https:\/\/targettaverna.com\/?s={search_term_string}\"},\"query-input\":{\"@type\":\"PropertyValueSpecification\",\"valueRequired\":true,\"valueName\":\"search_term_string\"}}],\"inLanguage\":\"ro-RO\"},{\"@type\":[\"Person\",\"Organization\"],\"@id\":\"https:\/\/targettaverna.com\/#\/schema\/person\/b257014c0002496225f82eaf5dbc3430\",\"name\":\"Dennis Kotsonis\",\"image\":{\"@type\":\"ImageObject\",\"inLanguage\":\"ro-RO\",\"@id\":\"https:\/\/targettaverna.com\/wp-content\/uploads\/2025\/06\/target-logo-white.webp\",\"url\":\"https:\/\/targettaverna.com\/wp-content\/uploads\/2025\/06\/target-logo-white.webp\",\"contentUrl\":\"https:\/\/targettaverna.com\/wp-content\/uploads\/2025\/06\/target-logo-white.webp\",\"width\":344,\"height\":163,\"caption\":\"Dennis Kotsonis\"},\"logo\":{\"@id\":\"https:\/\/targettaverna.com\/wp-content\/uploads\/2025\/06\/target-logo-white.webp\"},\"sameAs\":[\"https:\/\/targettaverna.com\"]}]}<\/script>\n<!-- \/ Yoast SEO plugin. -->","yoast_head_json":{"title":"Rezerva\u021bi o mas\u0103 - Target Taverna Argassi Zakynthos","description":"Rezerva\u021bi-v\u0103 masa online folosind sistemul de rezervare. Loca\u021bia excelent\u0103 a Tavernei Target o face destina\u021bia ideal\u0103 pentru cina dumneavoastr\u0103.","robots":{"index":"index","follow":"follow","max-snippet":"max-snippet:-1","max-image-preview":"max-image-preview:large","max-video-preview":"max-video-preview:-1"},"canonical":"https:\/\/targettaverna.com\/ro\/rezervati-o-masa\/","og_locale":"ro_RO","og_type":"article","og_title":"Book a Table - Target Taverna Argassi Zakynthos","og_description":"Book your table online using the booking system. The excellent location of the Target Taverna makes it ideal destination for your dinner.","og_url":"https:\/\/targettaverna.com\/ro\/rezervati-o-masa\/","og_site_name":"Target Taverna Argassi Zakynthos","article_modified_time":"2025-12-06T15:22:01+00:00","og_image":[{"width":1199,"height":674,"url":"https:\/\/targettaverna.com\/wp-content\/uploads\/2025\/08\/TargetDrone-03.jpg","type":"image\/jpeg"}],"twitter_card":"summary_large_image","twitter_misc":{"Timp estimat pentru citire":"2 minute"},"schema":{"@context":"https:\/\/schema.org","@graph":[{"@type":"WebPage","@id":"https:\/\/targettaverna.com\/book-a-table\/","url":"https:\/\/targettaverna.com\/book-a-table\/","name":"Rezerva\u021bi o mas\u0103 - Target Taverna Argassi Zakynthos","isPartOf":{"@id":"https:\/\/targettaverna.com\/#website"},"datePublished":"2025-06-11T06:22:24+00:00","dateModified":"2025-12-06T15:22:01+00:00","description":"Rezerva\u021bi-v\u0103 masa online folosind sistemul de rezervare. Loca\u021bia excelent\u0103 a Tavernei Target o face destina\u021bia ideal\u0103 pentru cina dumneavoastr\u0103.","breadcrumb":{"@id":"https:\/\/targettaverna.com\/book-a-table\/#breadcrumb"},"inLanguage":"ro-RO","potentialAction":[{"@type":"ReadAction","target":["https:\/\/targettaverna.com\/book-a-table\/"]}]},{"@type":"BreadcrumbList","@id":"https:\/\/targettaverna.com\/book-a-table\/#breadcrumb","itemListElement":[{"@type":"ListItem","position":1,"name":"Home","item":"https:\/\/targettaverna.com\/"},{"@type":"ListItem","position":2,"name":"Book a Table"}]},{"@type":"WebSite","@id":"https:\/\/targettaverna.com\/#website","url":"https:\/\/targettaverna.com\/","name":"Target Taverna Argassi Zakynthos","description":"Pe dealul Argassi Zakynthos","publisher":{"@id":"https:\/\/targettaverna.com\/#\/schema\/person\/b257014c0002496225f82eaf5dbc3430"},"potentialAction":[{"@type":"SearchAction","target":{"@type":"EntryPoint","urlTemplate":"https:\/\/targettaverna.com\/?s={search_term_string}"},"query-input":{"@type":"PropertyValueSpecification","valueRequired":true,"valueName":"search_term_string"}}],"inLanguage":"ro-RO"},{"@type":["Person","Organization"],"@id":"https:\/\/targettaverna.com\/#\/schema\/person\/b257014c0002496225f82eaf5dbc3430","name":"Dennis Kotsonis","image":{"@type":"ImageObject","inLanguage":"ro-RO","@id":"https:\/\/targettaverna.com\/wp-content\/uploads\/2025\/06\/target-logo-white.webp","url":"https:\/\/targettaverna.com\/wp-content\/uploads\/2025\/06\/target-logo-white.webp","contentUrl":"https:\/\/targettaverna.com\/wp-content\/uploads\/2025\/06\/target-logo-white.webp","width":344,"height":163,"caption":"Dennis Kotsonis"},"logo":{"@id":"https:\/\/targettaverna.com\/wp-content\/uploads\/2025\/06\/target-logo-white.webp"},"sameAs":["https:\/\/targettaverna.com"]}]}},"_links":{"self":[{"href":"https:\/\/targettaverna.com\/ro\/wp-json\/wp\/v2\/pages\/3874","targetHints":{"allow":["GET"]}}],"collection":[{"href":"https:\/\/targettaverna.com\/ro\/wp-json\/wp\/v2\/pages"}],"about":[{"href":"https:\/\/targettaverna.com\/ro\/wp-json\/wp\/v2\/types\/page"}],"author":[{"embeddable":true,"href":"https:\/\/targettaverna.com\/ro\/wp-json\/wp\/v2\/users\/1"}],"replies":[{"embeddable":true,"href":"https:\/\/targettaverna.com\/ro\/wp-json\/wp\/v2\/comments?post=3874"}],"version-history":[{"count":82,"href":"https:\/\/targettaverna.com\/ro\/wp-json\/wp\/v2\/pages\/3874\/revisions"}],"predecessor-version":[{"id":6889,"href":"https:\/\/targettaverna.com\/ro\/wp-json\/wp\/v2\/pages\/3874\/revisions\/6889"}],"wp:attachment":[{"href":"https:\/\/targettaverna.com\/ro\/wp-json\/wp\/v2\/media?parent=3874"}],"curies":[{"name":"wp","href":"https:\/\/api.w.org\/{rel}","templated":true}]}}