{"id":3874,"date":"2025-06-11T06:22:24","date_gmt":"2025-06-11T06:22:24","guid":{"rendered":"https:\/\/wedigitalplus.com\/tagtaverna\/?page_id=3874"},"modified":"2025-12-06T17:22:01","modified_gmt":"2025-12-06T15:22:01","slug":"einen-tisch-reservieren","status":"publish","type":"page","link":"https:\/\/targettaverna.com\/de\/book-a-table\/","title":{"rendered":"Einen Tisch reservieren"},"content":{"rendered":"<div data-elementor-type=\"wp-page\" data-elementor-id=\"3874\" class=\"elementor elementor-3874\">\n\t\t\t\t<div class=\"elementor-element elementor-element-896420f e-flex e-con-boxed e-con e-parent\" data-id=\"896420f\" data-element_type=\"container\" data-settings=\"{&quot;background_background&quot;:&quot;classic&quot;,&quot;grandrestaurant_ext_is_background_parallax&quot;:&quot;true&quot;,&quot;shape_divider_bottom&quot;:&quot;tilt&quot;,&quot;grandrestaurant_ext_is_background_parallax_speed&quot;:{&quot;unit&quot;:&quot;px&quot;,&quot;size&quot;:0.8,&quot;sizes&quot;:[]},&quot;grandrestaurant_ext_is_background_backdrop&quot;:&quot;false&quot;,&quot;grandrestaurant_ext_is_background_on_scroll&quot;:&quot;false&quot;,&quot;grandrestaurant_ext_link_reservation&quot;:&quot;false&quot;,&quot;grandrestaurant_ext_link_sidemenu&quot;:&quot;false&quot;,&quot;grandrestaurant_ext_link_fullmenu&quot;:&quot;false&quot;,&quot;grandrestaurant_ext_link_closed_fullmenu&quot;:&quot;false&quot;,&quot;grandrestaurant_ext_is_scrollme&quot;:&quot;false&quot;,&quot;grandrestaurant_ext_is_smoove&quot;:&quot;false&quot;,&quot;grandrestaurant_ext_is_parallax_mouse&quot;:&quot;false&quot;,&quot;grandrestaurant_ext_is_infinite&quot;:&quot;false&quot;,&quot;grandrestaurant_ext_is_fadeout_animation&quot;:&quot;false&quot;,&quot;grandrestaurant_ext_mobile_static&quot;:&quot;false&quot;}\">\n\t\t\t\t\t<div class=\"e-con-inner\">\n\t\t\t\t<div class=\"elementor-shape elementor-shape-bottom\" aria-hidden=\"true\" data-negative=\"false\">\n\t\t\t<svg xmlns=\"http:\/\/www.w3.org\/2000\/svg\" viewbox=\"0 0 1000 100\" preserveaspectratio=\"none\">\n\t<path class=\"elementor-shape-fill\" d=\"M0,6V0h1000v100L0,6z\"\/>\n<\/svg>\t\t<\/div>\n\t\t<div class=\"elementor-element elementor-element-5960965 e-con-full e-flex e-con e-child\" data-id=\"5960965\" data-element_type=\"container\" data-settings=\"{&quot;grandrestaurant_ext_is_background_parallax&quot;:&quot;false&quot;,&quot;grandrestaurant_ext_is_background_backdrop&quot;:&quot;false&quot;,&quot;grandrestaurant_ext_is_background_on_scroll&quot;:&quot;false&quot;,&quot;grandrestaurant_ext_link_reservation&quot;:&quot;false&quot;,&quot;grandrestaurant_ext_link_sidemenu&quot;:&quot;false&quot;,&quot;grandrestaurant_ext_link_fullmenu&quot;:&quot;false&quot;,&quot;grandrestaurant_ext_link_closed_fullmenu&quot;:&quot;false&quot;,&quot;grandrestaurant_ext_is_scrollme&quot;:&quot;false&quot;,&quot;grandrestaurant_ext_is_smoove&quot;:&quot;false&quot;,&quot;grandrestaurant_ext_is_parallax_mouse&quot;:&quot;false&quot;,&quot;grandrestaurant_ext_is_infinite&quot;:&quot;false&quot;,&quot;grandrestaurant_ext_is_fadeout_animation&quot;:&quot;false&quot;,&quot;grandrestaurant_ext_mobile_static&quot;:&quot;false&quot;}\">\n\t\t\t\t<div class=\"elementor-element elementor-element-b6f0697 elementor-widget__width-inherit elementor-widget elementor-widget-grandrestaurant-animated-text\" data-id=\"b6f0697\" data-element_type=\"widget\" data-settings=\"{&quot;grandrestaurant_ext_is_fadeout_animation&quot;:&quot;true&quot;,&quot;grandrestaurant_ext_is_fadeout_animation_velocity&quot;:{&quot;unit&quot;:&quot;px&quot;,&quot;size&quot;:0.3,&quot;sizes&quot;:[]},&quot;grandrestaurant_ext_link_reservation&quot;:&quot;false&quot;,&quot;grandrestaurant_ext_link_sidemenu&quot;:&quot;false&quot;,&quot;grandrestaurant_ext_link_fullmenu&quot;:&quot;false&quot;,&quot;grandrestaurant_ext_link_closed_fullmenu&quot;:&quot;false&quot;,&quot;grandrestaurant_ext_is_scrollme&quot;:&quot;false&quot;,&quot;grandrestaurant_ext_is_smoove&quot;:&quot;false&quot;,&quot;grandrestaurant_ext_is_parallax_mouse&quot;:&quot;false&quot;,&quot;grandrestaurant_ext_is_infinite&quot;:&quot;false&quot;,&quot;grandrestaurant_ext_is_fadeout_animation_direction&quot;:&quot;up&quot;,&quot;grandrestaurant_ext_mobile_static&quot;:&quot;false&quot;}\" data-widget_type=\"grandrestaurant-animated-text.default\">\n\t\t\t\t<div class=\"elementor-widget-container\">\n\t\t\t\t\t<div class=\"themegoods-animated-text text-alignment-center transition-bottom overflow-hidden\" data-delimiter=\"sentence\" data-transition=\"100\" data-transition-delay=\"200\" data-transition-duration=\"800\">\n\t\t<h2>\n\t\tReservierung\t<\/h2>\n\t<\/div>\t\t\t\t<\/div>\n\t\t\t\t<\/div>\n\t\t\t\t<div class=\"elementor-element elementor-element-ab08269 elementor-widget elementor-widget-grandrestaurant-animated-text\" data-id=\"ab08269\" data-element_type=\"widget\" data-settings=\"{&quot;grandrestaurant_ext_is_fadeout_animation&quot;:&quot;true&quot;,&quot;grandrestaurant_ext_is_fadeout_animation_velocity&quot;:{&quot;unit&quot;:&quot;px&quot;,&quot;size&quot;:0.2,&quot;sizes&quot;:[]},&quot;grandrestaurant_ext_link_reservation&quot;:&quot;false&quot;,&quot;grandrestaurant_ext_link_sidemenu&quot;:&quot;false&quot;,&quot;grandrestaurant_ext_link_fullmenu&quot;:&quot;false&quot;,&quot;grandrestaurant_ext_link_closed_fullmenu&quot;:&quot;false&quot;,&quot;grandrestaurant_ext_is_scrollme&quot;:&quot;false&quot;,&quot;grandrestaurant_ext_is_smoove&quot;:&quot;false&quot;,&quot;grandrestaurant_ext_is_parallax_mouse&quot;:&quot;false&quot;,&quot;grandrestaurant_ext_is_infinite&quot;:&quot;false&quot;,&quot;grandrestaurant_ext_is_fadeout_animation_direction&quot;:&quot;up&quot;,&quot;grandrestaurant_ext_mobile_static&quot;:&quot;false&quot;}\" data-widget_type=\"grandrestaurant-animated-text.default\">\n\t\t\t\t<div class=\"elementor-widget-container\">\n\t\t\t\t\t<div class=\"themegoods-animated-text text-alignment-center transition-bottom overflow-hidden\" data-delimiter=\"word\" data-transition=\"100\" data-transition-delay=\"400\" data-transition-duration=\"800\">\n\t\t<h1>\n\t\tEinen Tisch reservieren\t<\/h1>\n\t<\/div>\t\t\t\t<\/div>\n\t\t\t\t<\/div>\n\t\t\t\t<\/div>\n\t\t\t\t\t<\/div>\n\t\t\t\t<\/div>\n\t\t<div class=\"elementor-element elementor-element-d0d103b e-flex e-con-boxed e-con e-parent\" data-id=\"d0d103b\" data-element_type=\"container\" data-settings=\"{&quot;grandrestaurant_ext_is_background_parallax&quot;:&quot;false&quot;,&quot;grandrestaurant_ext_is_background_backdrop&quot;:&quot;false&quot;,&quot;grandrestaurant_ext_is_background_on_scroll&quot;:&quot;false&quot;,&quot;grandrestaurant_ext_link_reservation&quot;:&quot;false&quot;,&quot;grandrestaurant_ext_link_sidemenu&quot;:&quot;false&quot;,&quot;grandrestaurant_ext_link_fullmenu&quot;:&quot;false&quot;,&quot;grandrestaurant_ext_link_closed_fullmenu&quot;:&quot;false&quot;,&quot;grandrestaurant_ext_is_scrollme&quot;:&quot;false&quot;,&quot;grandrestaurant_ext_is_smoove&quot;:&quot;false&quot;,&quot;grandrestaurant_ext_is_parallax_mouse&quot;:&quot;false&quot;,&quot;grandrestaurant_ext_is_infinite&quot;:&quot;false&quot;,&quot;grandrestaurant_ext_is_fadeout_animation&quot;:&quot;false&quot;,&quot;grandrestaurant_ext_mobile_static&quot;:&quot;false&quot;}\">\n\t\t\t\t\t<div class=\"e-con-inner\">\n\t\t<div class=\"elementor-element elementor-element-bcfd7f0 e-con-full e-flex e-con e-child\" data-id=\"bcfd7f0\" data-element_type=\"container\" data-settings=\"{&quot;grandrestaurant_ext_is_background_parallax&quot;:&quot;false&quot;,&quot;grandrestaurant_ext_is_background_backdrop&quot;:&quot;false&quot;,&quot;grandrestaurant_ext_is_background_on_scroll&quot;:&quot;false&quot;,&quot;grandrestaurant_ext_link_reservation&quot;:&quot;false&quot;,&quot;grandrestaurant_ext_link_sidemenu&quot;:&quot;false&quot;,&quot;grandrestaurant_ext_link_fullmenu&quot;:&quot;false&quot;,&quot;grandrestaurant_ext_link_closed_fullmenu&quot;:&quot;false&quot;,&quot;grandrestaurant_ext_is_scrollme&quot;:&quot;false&quot;,&quot;grandrestaurant_ext_is_smoove&quot;:&quot;false&quot;,&quot;grandrestaurant_ext_is_parallax_mouse&quot;:&quot;false&quot;,&quot;grandrestaurant_ext_is_infinite&quot;:&quot;false&quot;,&quot;grandrestaurant_ext_is_fadeout_animation&quot;:&quot;false&quot;,&quot;grandrestaurant_ext_mobile_static&quot;:&quot;false&quot;}\">\n\t\t\t\t<div class=\"elementor-element elementor-element-9a20caf elementor-widget elementor-widget-shortcode\" data-id=\"9a20caf\" data-element_type=\"widget\" data-settings=\"{&quot;grandrestaurant_ext_link_reservation&quot;:&quot;false&quot;,&quot;grandrestaurant_ext_link_sidemenu&quot;:&quot;false&quot;,&quot;grandrestaurant_ext_link_fullmenu&quot;:&quot;false&quot;,&quot;grandrestaurant_ext_link_closed_fullmenu&quot;:&quot;false&quot;,&quot;grandrestaurant_ext_is_scrollme&quot;:&quot;false&quot;,&quot;grandrestaurant_ext_is_smoove&quot;:&quot;false&quot;,&quot;grandrestaurant_ext_is_parallax_mouse&quot;:&quot;false&quot;,&quot;grandrestaurant_ext_is_infinite&quot;:&quot;false&quot;,&quot;grandrestaurant_ext_is_fadeout_animation&quot;:&quot;false&quot;,&quot;grandrestaurant_ext_mobile_static&quot;:&quot;false&quot;}\" data-widget_type=\"shortcode.default\">\n\t\t\t\t<div class=\"elementor-widget-container\">\n\t\t\t\t\t\t\t<div class=\"elementor-shortcode\"><link href=\"https:\/\/targettaverna.com\/script\/core\/framework\/libs\/pj\/css\/pj.bootstrap.min.css\" type=\"text\/css\" rel=\"stylesheet\" \/>\n        <link href=\"https:\/\/targettaverna.com\/script\/index.php?controller=pjFront&action=pjActionLoadCss\" type=\"text\/css\" rel=\"stylesheet\" \/>\n        <script type=\"text\/javascript\" src=\"https:\/\/targettaverna.com\/script\/index.php?controller=pjFront&action=pjActionLoad\"><\/script><\/div>\n\t\t\t\t\t\t<\/div>\n\t\t\t\t<\/div>\n\t\t\t\t<\/div>\n\t\t\t\t\t<\/div>\n\t\t\t\t<\/div>\n\t\t<div class=\"elementor-element elementor-element-1b72cdd e-flex e-con-boxed e-con e-parent\" data-id=\"1b72cdd\" data-element_type=\"container\" data-settings=\"{&quot;grandrestaurant_ext_is_background_parallax&quot;:&quot;false&quot;,&quot;grandrestaurant_ext_is_background_backdrop&quot;:&quot;false&quot;,&quot;grandrestaurant_ext_is_background_on_scroll&quot;:&quot;false&quot;,&quot;grandrestaurant_ext_link_reservation&quot;:&quot;false&quot;,&quot;grandrestaurant_ext_link_sidemenu&quot;:&quot;false&quot;,&quot;grandrestaurant_ext_link_fullmenu&quot;:&quot;false&quot;,&quot;grandrestaurant_ext_link_closed_fullmenu&quot;:&quot;false&quot;,&quot;grandrestaurant_ext_is_scrollme&quot;:&quot;false&quot;,&quot;grandrestaurant_ext_is_smoove&quot;:&quot;false&quot;,&quot;grandrestaurant_ext_is_parallax_mouse&quot;:&quot;false&quot;,&quot;grandrestaurant_ext_is_infinite&quot;:&quot;false&quot;,&quot;grandrestaurant_ext_is_fadeout_animation&quot;:&quot;false&quot;,&quot;grandrestaurant_ext_mobile_static&quot;:&quot;false&quot;}\">\n\t\t\t\t\t<div class=\"e-con-inner\">\n\t\t\t\t<div class=\"elementor-element elementor-element-9be383f elementor-widget elementor-widget-html\" data-id=\"9be383f\" data-element_type=\"widget\" data-settings=\"{&quot;grandrestaurant_ext_link_reservation&quot;:&quot;false&quot;,&quot;grandrestaurant_ext_link_sidemenu&quot;:&quot;false&quot;,&quot;grandrestaurant_ext_link_fullmenu&quot;:&quot;false&quot;,&quot;grandrestaurant_ext_link_closed_fullmenu&quot;:&quot;false&quot;,&quot;grandrestaurant_ext_is_scrollme&quot;:&quot;false&quot;,&quot;grandrestaurant_ext_is_smoove&quot;:&quot;false&quot;,&quot;grandrestaurant_ext_is_parallax_mouse&quot;:&quot;false&quot;,&quot;grandrestaurant_ext_is_infinite&quot;:&quot;false&quot;,&quot;grandrestaurant_ext_is_fadeout_animation&quot;:&quot;false&quot;,&quot;grandrestaurant_ext_mobile_static&quot;:&quot;false&quot;}\" data-widget_type=\"html.default\">\n\t\t\t\t<div class=\"elementor-widget-container\">\n\t\t\t\t\t                             <p><strong>Sonderangebot nur f\u00fcr Web-Buchungen: Bei Barzahlung erhalten Sie einen Rabatt von 5%. Fragen Sie den Kassierer nach diesem Angebot!&nbsp;<\/strong><\/p>\n                             <p>- Wir bieten denjenigen, die in der Gegend von Argassi wohnen, einen kostenlosen Transport mit unserem Minibus an (Abholung und R\u00fccktransport).<\/p>\n<p>- Wenn Sie einen Abholservice bestellt haben, warten Sie bitte zur vereinbarten Buchungszeit vor der Rezeption (wir werden Sie im Voraus benachrichtigen, falls die Zeit ge\u00e4ndert wird). Ein wei\u00dfer Kleinbus mit dem Schild \"Target Restaurant\" wird Sie abholen. Sollte sich unser Minibus um mehr als 15 Minuten versp\u00e4ten, rufen Sie uns bitte unter +30 26950 42482 oder +30 6977814822 an, um das Problem zu l\u00f6sen.<\/p>\n<p>- Bitte buchen Sie rechtzeitig, wenn Sie einen Tisch in der ersten Reihe reservieren m\u00f6chten, da die Nachfrage sehr gro\u00df ist und nur diejenigen einen Platz erhalten, die nach Datum zuerst buchen.<\/p>\n<p>- Ferien sind zum Entspannen da, deshalb gibt es keine zeitliche Begrenzung f\u00fcr Ihren Aufenthalt. Sie k\u00f6nnen so lange an Ihrem Tisch bleiben, wie Sie m\u00f6chten.<\/p>\n<p>- In Spitzenzeiten kann es zu Wartezeiten von 15-30 Minuten kommen. Seien Sie versichert, dass man Ihnen entgegenkommen wird. Wir bitten Sie um Ihre Geduld und Ihr Verst\u00e4ndnis.<\/p>\n<p>- Wenn Sie mit dem Taxi anreisen, kann es im Juli und August zu Versp\u00e4tungen kommen. Bitte rufen Sie Ihr Taxi im Voraus an, um p\u00fcnktlich zu sein.<\/p>\n<p>- Sollte es zu Verz\u00f6gerungen kommen, werden wir unser Bestes tun, um den bestm\u00f6glichen Tisch f\u00fcr Sie zu finden.<\/p>\n<p>- Haben Sie einen besonderen Wunsch? Kontaktieren Sie uns auf WhatsApp <a href=\"https:\/\/wa.me\/+306983003530\">+306983003530<\/a>&nbsp;und wir werden unser Bestes tun, um Ihnen entgegenzukommen!<\/p>\n<p>- Wenn Sie mit dem Auto zu unserem Restaurant fahren, benutzen Sie bitte Google Maps, um es leichter zu finden. Der Link ist unten!<\/p>\n<p><a href=\"https:\/\/maps.app.goo.gl\/sEyTe4YNGRaKenGh8\">Google Maps Ziel Restaurant<\/a><\/p>\t\t\t\t<\/div>\n\t\t\t\t<\/div>\n\t\t\t\t\t<\/div>\n\t\t\t\t<\/div>\n\t\t\t\t<\/div>","protected":false},"excerpt":{"rendered":"<p>Reservation Book a Table Special Offer Only For Web Bookings: For payment in cash, you get a 5% discount. Ask the cashier for this offer!&nbsp; &#8211; We offer free transportation with our minibus to those staying in the Argassi area [&hellip;]<\/p>\n","protected":false},"author":1,"featured_media":0,"parent":0,"menu_order":0,"comment_status":"closed","ping_status":"closed","template":"elementor_header_footer","meta":{"footnotes":""},"class_list":["post-3874","page","type-page","status-publish","hentry"],"yoast_head":"<!-- This site is optimized with the Yoast SEO plugin v27.2 - https:\/\/yoast.com\/product\/yoast-seo-wordpress\/ -->\n<title>Book a Table - Target Taverna Argassi Zakynthos<\/title>\n<meta name=\"description\" content=\"Book your table online using the booking system. The excellent location of the Target Taverna makes it ideal destination for your dinner.\" \/>\n<meta name=\"robots\" content=\"index, follow, max-snippet:-1, max-image-preview:large, max-video-preview:-1\" \/>\n<link rel=\"canonical\" href=\"https:\/\/targettaverna.com\/de\/einen-tisch-reservieren\/\" \/>\n<meta property=\"og:locale\" content=\"de_DE\" \/>\n<meta property=\"og:type\" content=\"article\" \/>\n<meta property=\"og:title\" content=\"Book a Table - Target Taverna Argassi Zakynthos\" \/>\n<meta property=\"og:description\" content=\"Book your table online using the booking system. The excellent location of the Target Taverna makes it ideal destination for your dinner.\" \/>\n<meta property=\"og:url\" content=\"https:\/\/targettaverna.com\/de\/einen-tisch-reservieren\/\" \/>\n<meta property=\"og:site_name\" content=\"Target Taverna Argassi Zakynthos\" \/>\n<meta property=\"article:modified_time\" content=\"2025-12-06T15:22:01+00:00\" \/>\n<meta property=\"og:image\" content=\"https:\/\/targettaverna.com\/wp-content\/uploads\/2025\/08\/TargetDrone-03.jpg\" \/>\n\t<meta property=\"og:image:width\" content=\"1199\" \/>\n\t<meta property=\"og:image:height\" content=\"674\" \/>\n\t<meta property=\"og:image:type\" content=\"image\/jpeg\" \/>\n<meta name=\"twitter:card\" content=\"summary_large_image\" \/>\n<meta name=\"twitter:label1\" content=\"Gesch\u00e4tzte Lesezeit\" \/>\n\t<meta name=\"twitter:data1\" content=\"2\u00a0Minuten\" \/>\n<script type=\"application\/ld+json\" class=\"yoast-schema-graph\">{\"@context\":\"https:\/\/schema.org\",\"@graph\":[{\"@type\":\"WebPage\",\"@id\":\"https:\/\/targettaverna.com\/book-a-table\/\",\"url\":\"https:\/\/targettaverna.com\/book-a-table\/\",\"name\":\"Book a Table - Target Taverna Argassi Zakynthos\",\"isPartOf\":{\"@id\":\"https:\/\/targettaverna.com\/#website\"},\"datePublished\":\"2025-06-11T06:22:24+00:00\",\"dateModified\":\"2025-12-06T15:22:01+00:00\",\"description\":\"Book your table online using the booking system. The excellent location of the Target Taverna makes it ideal destination for your dinner.\",\"breadcrumb\":{\"@id\":\"https:\/\/targettaverna.com\/book-a-table\/#breadcrumb\"},\"inLanguage\":\"de\",\"potentialAction\":[{\"@type\":\"ReadAction\",\"target\":[\"https:\/\/targettaverna.com\/book-a-table\/\"]}]},{\"@type\":\"BreadcrumbList\",\"@id\":\"https:\/\/targettaverna.com\/book-a-table\/#breadcrumb\",\"itemListElement\":[{\"@type\":\"ListItem\",\"position\":1,\"name\":\"Home\",\"item\":\"https:\/\/targettaverna.com\/\"},{\"@type\":\"ListItem\",\"position\":2,\"name\":\"Book a Table\"}]},{\"@type\":\"WebSite\",\"@id\":\"https:\/\/targettaverna.com\/#website\",\"url\":\"https:\/\/targettaverna.com\/\",\"name\":\"Target Taverna Argassi Zakynthos\",\"description\":\"On The Hill Of Argassi Zakynthos\",\"publisher\":{\"@id\":\"https:\/\/targettaverna.com\/#\/schema\/person\/b257014c0002496225f82eaf5dbc3430\"},\"potentialAction\":[{\"@type\":\"SearchAction\",\"target\":{\"@type\":\"EntryPoint\",\"urlTemplate\":\"https:\/\/targettaverna.com\/?s={search_term_string}\"},\"query-input\":{\"@type\":\"PropertyValueSpecification\",\"valueRequired\":true,\"valueName\":\"search_term_string\"}}],\"inLanguage\":\"de\"},{\"@type\":[\"Person\",\"Organization\"],\"@id\":\"https:\/\/targettaverna.com\/#\/schema\/person\/b257014c0002496225f82eaf5dbc3430\",\"name\":\"Dennis Kotsonis\",\"image\":{\"@type\":\"ImageObject\",\"inLanguage\":\"de\",\"@id\":\"https:\/\/targettaverna.com\/wp-content\/uploads\/2025\/06\/target-logo-white.webp\",\"url\":\"https:\/\/targettaverna.com\/wp-content\/uploads\/2025\/06\/target-logo-white.webp\",\"contentUrl\":\"https:\/\/targettaverna.com\/wp-content\/uploads\/2025\/06\/target-logo-white.webp\",\"width\":344,\"height\":163,\"caption\":\"Dennis Kotsonis\"},\"logo\":{\"@id\":\"https:\/\/targettaverna.com\/wp-content\/uploads\/2025\/06\/target-logo-white.webp\"},\"sameAs\":[\"https:\/\/targettaverna.com\"]}]}<\/script>\n<!-- \/ Yoast SEO plugin. -->","yoast_head_json":{"title":"Einen Tisch reservieren - Target Taverna Argassi Zakynthos","description":"Reservieren Sie Ihren Tisch online \u00fcber das Buchungssystem. Die ausgezeichnete Lage der Target Taverna macht sie zum idealen Ziel f\u00fcr Ihr Abendessen.","robots":{"index":"index","follow":"follow","max-snippet":"max-snippet:-1","max-image-preview":"max-image-preview:large","max-video-preview":"max-video-preview:-1"},"canonical":"https:\/\/targettaverna.com\/de\/einen-tisch-reservieren\/","og_locale":"de_DE","og_type":"article","og_title":"Book a Table - Target Taverna Argassi Zakynthos","og_description":"Book your table online using the booking system. The excellent location of the Target Taverna makes it ideal destination for your dinner.","og_url":"https:\/\/targettaverna.com\/de\/einen-tisch-reservieren\/","og_site_name":"Target Taverna Argassi Zakynthos","article_modified_time":"2025-12-06T15:22:01+00:00","og_image":[{"width":1199,"height":674,"url":"https:\/\/targettaverna.com\/wp-content\/uploads\/2025\/08\/TargetDrone-03.jpg","type":"image\/jpeg"}],"twitter_card":"summary_large_image","twitter_misc":{"Gesch\u00e4tzte Lesezeit":"2\u00a0Minuten"},"schema":{"@context":"https:\/\/schema.org","@graph":[{"@type":"WebPage","@id":"https:\/\/targettaverna.com\/book-a-table\/","url":"https:\/\/targettaverna.com\/book-a-table\/","name":"Einen Tisch reservieren - Target Taverna Argassi Zakynthos","isPartOf":{"@id":"https:\/\/targettaverna.com\/#website"},"datePublished":"2025-06-11T06:22:24+00:00","dateModified":"2025-12-06T15:22:01+00:00","description":"Reservieren Sie Ihren Tisch online \u00fcber das Buchungssystem. Die ausgezeichnete Lage der Target Taverna macht sie zum idealen Ziel f\u00fcr Ihr Abendessen.","breadcrumb":{"@id":"https:\/\/targettaverna.com\/book-a-table\/#breadcrumb"},"inLanguage":"de","potentialAction":[{"@type":"ReadAction","target":["https:\/\/targettaverna.com\/book-a-table\/"]}]},{"@type":"BreadcrumbList","@id":"https:\/\/targettaverna.com\/book-a-table\/#breadcrumb","itemListElement":[{"@type":"ListItem","position":1,"name":"Home","item":"https:\/\/targettaverna.com\/"},{"@type":"ListItem","position":2,"name":"Book a Table"}]},{"@type":"WebSite","@id":"https:\/\/targettaverna.com\/#website","url":"https:\/\/targettaverna.com\/","name":"Ziel Taverna Argassi Zakynthos","description":"Auf dem H\u00fcgel von Argassi Zakynthos","publisher":{"@id":"https:\/\/targettaverna.com\/#\/schema\/person\/b257014c0002496225f82eaf5dbc3430"},"potentialAction":[{"@type":"SearchAction","target":{"@type":"EntryPoint","urlTemplate":"https:\/\/targettaverna.com\/?s={search_term_string}"},"query-input":{"@type":"PropertyValueSpecification","valueRequired":true,"valueName":"search_term_string"}}],"inLanguage":"de"},{"@type":["Person","Organization"],"@id":"https:\/\/targettaverna.com\/#\/schema\/person\/b257014c0002496225f82eaf5dbc3430","name":"Dennis Kotsonis","image":{"@type":"ImageObject","inLanguage":"de","@id":"https:\/\/targettaverna.com\/wp-content\/uploads\/2025\/06\/target-logo-white.webp","url":"https:\/\/targettaverna.com\/wp-content\/uploads\/2025\/06\/target-logo-white.webp","contentUrl":"https:\/\/targettaverna.com\/wp-content\/uploads\/2025\/06\/target-logo-white.webp","width":344,"height":163,"caption":"Dennis Kotsonis"},"logo":{"@id":"https:\/\/targettaverna.com\/wp-content\/uploads\/2025\/06\/target-logo-white.webp"},"sameAs":["https:\/\/targettaverna.com"]}]}},"_links":{"self":[{"href":"https:\/\/targettaverna.com\/de\/wp-json\/wp\/v2\/pages\/3874","targetHints":{"allow":["GET"]}}],"collection":[{"href":"https:\/\/targettaverna.com\/de\/wp-json\/wp\/v2\/pages"}],"about":[{"href":"https:\/\/targettaverna.com\/de\/wp-json\/wp\/v2\/types\/page"}],"author":[{"embeddable":true,"href":"https:\/\/targettaverna.com\/de\/wp-json\/wp\/v2\/users\/1"}],"replies":[{"embeddable":true,"href":"https:\/\/targettaverna.com\/de\/wp-json\/wp\/v2\/comments?post=3874"}],"version-history":[{"count":82,"href":"https:\/\/targettaverna.com\/de\/wp-json\/wp\/v2\/pages\/3874\/revisions"}],"predecessor-version":[{"id":6889,"href":"https:\/\/targettaverna.com\/de\/wp-json\/wp\/v2\/pages\/3874\/revisions\/6889"}],"wp:attachment":[{"href":"https:\/\/targettaverna.com\/de\/wp-json\/wp\/v2\/media?parent=3874"}],"curies":[{"name":"wp","href":"https:\/\/api.w.org\/{rel}","templated":true}]}}